{"id":4829,"date":"2021-11-04T11:45:08","date_gmt":"2021-11-04T11:45:08","guid":{"rendered":"https:\/\/miraz.tv\/haqqimizda\/"},"modified":"2025-08-25T11:56:57","modified_gmt":"2025-08-25T11:56:57","slug":"haqqimizda","status":"publish","type":"page","link":"https:\/\/miraz.tv\/az\/haqqimizda\/","title":{"rendered":"Haqq\u0131m\u0131zda"},"content":{"rendered":"\t\t<div data-elementor-type=\"wp-page\" data-elementor-id=\"4829\" class=\"elementor elementor-4829 elementor-1481\" data-elementor-post-type=\"page\">\n\t\t\t\t<div class=\"elementor-element elementor-element-659edf8 e-flex e-con-boxed e-con e-parent\" data-id=\"659edf8\" data-element_type=\"container\">\n\t\t\t\t\t<div class=\"e-con-inner\">\n\t\t\t\t<div class=\"elementor-element elementor-element-57f4268 elementor-widget elementor-widget-spacer\" data-id=\"57f4268\" data-element_type=\"widget\" data-widget_type=\"spacer.default\">\n\t\t\t\t\t\t\t<div class=\"elementor-spacer\">\n\t\t\t<div class=\"elementor-spacer-inner\"><\/div>\n\t\t<\/div>\n\t\t\t\t\t\t<\/div>\n\t\t\t\t\t<\/div>\n\t\t\t\t<\/div>\n\t\t<div class=\"elementor-element elementor-element-7458cb8 e-flex e-con-boxed e-con e-parent\" data-id=\"7458cb8\" data-element_type=\"container\">\n\t\t\t\t\t<div class=\"e-con-inner\">\n\t\t\t\t<div class=\"elementor-element elementor-element-ef08ae9 elementor-widget elementor-widget-foxiz-heading\" data-id=\"ef08ae9\" data-element_type=\"widget\" data-widget_type=\"foxiz-heading.default\">\n\t\t\t\t<div class=\"elementor-widget-container\">\n\t\t\t\t\t<div id=\"uid_ef08ae9\" class=\"block-h heading-layout-c10\"><div class=\"heading-inner\"><h1 class=\"heading-title\"><span>HAQQIMIZDA<\/span><\/h1><\/div><\/div>\t\t\t\t<\/div>\n\t\t\t\t<\/div>\n\t\t\t\t<div class=\"elementor-element elementor-element-4648d0f elementor-widget elementor-widget-image\" data-id=\"4648d0f\" data-element_type=\"widget\" data-widget_type=\"image.default\">\n\t\t\t\t\t\t\t\t\t\t\t\t\t\t\t\t<a href=\"https:\/\/www.google.com\/maps\/place\/california\/data=!4m2!3m1!1s0x808fb9fe5f285e3d:0x8b5109a227086f55?sa=X&#038;ved=1t:155783&#038;ictx=111\" rel=\"nofollow noopener\" target=\"_blank\">\n\t\t\t\t\t\t\t<img decoding=\"async\" src=\"https:\/\/foxiz.themeruby.com\/buzzstream\/wp-content\/uploads\/sites\/6\/2024\/01\/map.png\" title=\"\" alt=\"\" loading=\"lazy\" \/>\t\t\t\t\t\t\t\t<\/a>\n\t\t\t\t\t\t\t\t\t\t\t\t\t\t\t<\/div>\n\t\t\t\t<div class=\"elementor-element elementor-element-eb87e25 elementor-widget elementor-widget-heading\" data-id=\"eb87e25\" data-element_type=\"widget\" data-widget_type=\"heading.default\">\n\t\t\t\t\t<h2 class=\"elementor-heading-title elementor-size-default\">MiraTV<\/h2>\t\t\t\t<\/div>\n\t\t\t\t<div class=\"elementor-element elementor-element-a5086af elementor-widget elementor-widget-text-editor\" data-id=\"a5086af\" data-element_type=\"widget\" data-widget_type=\"text-editor.default\">\n\t\t\t\t\t\t\t\t\t<p>MiraTV, s\u00fcr\u0259tl\u0259 d\u0259yi\u015f\u0259n texnologiya d\u00fcnyas\u0131nda \u0259n son yenilikl\u0259ri, \u0259trafl\u0131 icmallar\u0131 v\u0259 d\u0259y\u0259rli ekspert r\u0259yl\u0259rini t\u0259qdim ed\u0259n m\u00fcasir bir m\u0259lumat platformas\u0131d\u0131r. Biz mobil telefonlar, noutbuklar, a\u011f\u0131ll\u0131 cihazlar v\u0259 dig\u0259r qabaqc\u0131l texnologiyalar haqq\u0131nda \u0259n d\u0259qiq v\u0259 g\u00fcnc\u0259l m\u0259lumatlar\u0131 bir m\u0259kanda toplayaraq sizi innovasiyan\u0131n m\u0259rk\u0259zin\u0259 g\u0259tiririk. Sizi yeniliyin m\u0259rk\u0259zin\u0259 g\u0259tiririk \u2013 mobil telefonlar, noutbuklar, a\u011f\u0131ll\u0131 cihazlar v\u0259 dig\u0259r qabaqc\u0131l texnologiyalar haqq\u0131nda \u0259n d\u0259qiq v\u0259 \u0259n son m\u0259lumatlar\u0131 bir m\u0259kanda toplayaraq t\u0259qdim edirik.<\/p>\t\t\t\t\t\t\t\t<\/div>\n\t\t\t\t<div class=\"elementor-element elementor-element-f25cfb1 elementor-widget elementor-widget-text-editor\" data-id=\"f25cfb1\" data-element_type=\"widget\" data-widget_type=\"text-editor.default\">\n\t\t\t\t\t\t\t\t\t<p>M\u0259qs\u0259dimiz texnologiya il\u0259 maraqlanan h\u0259r k\u0259s \u00fc\u00e7\u00fcn etibarl\u0131, anla\u015f\u0131lan v\u0259 faydal\u0131 bir m\u0259lumat m\u0259nb\u0259yi olmaqd\u0131r. G\u00fcnd\u0259lik yenil\u0259n\u0259n m\u0259zmunumuzla do\u011fru se\u00e7im etm\u0259yiniz\u0259 k\u00f6m\u0259k edirik. G\u00fcnd\u0259lik yenil\u0259n\u0259n m\u0259zmunumuzla siz\u0259 do\u011fru se\u00e7im etm\u0259yinizd\u0259 k\u00f6m\u0259k edirik.<\/p>\t\t\t\t\t\t\t\t<\/div>\n\t\t\t\t<div class=\"elementor-element elementor-element-7813e8a elementor-widget elementor-widget-foxiz-heading\" data-id=\"7813e8a\" data-element_type=\"widget\" data-widget_type=\"foxiz-heading.default\">\n\t\t\t\t<div class=\"elementor-widget-container\">\n\t\t\t\t\t<div id=\"uid_7813e8a\" class=\"block-h heading-layout-10\"><div class=\"heading-inner\"><h3 class=\"heading-title\"><span>Biziml\u0259 \u0259laq\u0259<\/span><\/h3><div class=\"heading-tagline h6\"><span class=\"heading-tagline-label\">H\u0259r hans\u0131 sual\u0131n\u0131z, t\u0259klifiniz v\u0259 ya \u0259m\u0259kda\u015fl\u0131q m\u00fcraci\u0259tiniz olarsa, a\u015fa\u011f\u0131dak\u0131 vasit\u0259l\u0259rl\u0259 biziml\u0259 \u0259laq\u0259 saxlaya bil\u0259rsiniz:<\/span><\/div><\/div><\/div>\t\t\t\t<\/div>\n\t\t\t\t<\/div>\n\t\t\t\t<div class=\"elementor-element elementor-element-9d79c3b yes-mono elementor-widget elementor-widget-foxiz-social-follower\" data-id=\"9d79c3b\" data-element_type=\"widget\" data-widget_type=\"foxiz-social-follower.default\">\n\t\t\t\t<div class=\"elementor-widget-container\">\n\t\t\t\t\t<div class=\"socials-counter h6 is-style-15 is-gstyle-3 is-icon-color is-h-bg\"><div class=\"social-follower effect-fadeout\"><div class=\"follower-el fb-follower\"><a target=\"_blank\" href=\"https:\/\/facebook.com\/61578828413201\" class=\"facebook\" aria-label=\"Facebook\" rel=\"noopener nofollow\"><\/a><span class=\"follower-inner\"><span class=\"fnicon\"><i class=\"rbi rbi-facebook\" aria-hidden=\"true\"><\/i><\/span><span class=\"fnlabel\">Facebook<\/span><span class=\"text-count\">B\u0259y\u0259n<\/span><\/span><\/div><div class=\"follower-el instagram-follower\"><a target=\"_blank\" href=\"https:\/\/instagram.com\/miratvresmi\/\" class=\"instagram\" aria-label=\"Instagram\" rel=\"noopener nofollow\"><\/a><span class=\"follower-inner\"><span class=\"fnicon\"><i class=\"rbi rbi-instagram\" aria-hidden=\"true\"><\/i><\/span><span class=\"fnlabel\">Instagram<\/span><span class=\"text-count\">Takip edin<\/span><\/span><\/div><div class=\"follower-el youtube-follower\"><a target=\"_blank\" href=\"https:\/\/www.youtube.com\/@Mira_AZUS_TV\" class=\"youtube\" aria-label=\"Youtube\" rel=\"noopener nofollow\"><\/a><span class=\"follower-inner\"><span class=\"fnicon\"><i class=\"rbi rbi-youtube\" aria-hidden=\"true\"><\/i><\/span><span class=\"fnlabel\">Youtube<\/span><span class=\"text-count\">Abun\u0259 olun<\/span><\/span><\/div><div class=\"follower-el tiktok-follower\"><a target=\"_blank\" href=\"https:\/\/www.tiktok.com\/@miratv_resmi\" class=\"tiktok\" aria-label=\"Tiktok\" rel=\"noopener nofollow\"><\/a><span class=\"follower-inner\"><span class=\"fnicon\"><i class=\"rbi rbi-tiktok\" aria-hidden=\"true\"><\/i><\/span><span class=\"fnlabel\">Tiktok<\/span><span class=\"text-count\">Takip edin<\/span><\/span><\/div><div class=\"follower-el whatsapp-follower\"><a target=\"_blank\" href=\"https:\/\/wa.link\/7972mc\" class=\"whatsapp\" aria-label=\"WhatsApp\" rel=\"noopener nofollow\"><\/a><span class=\"follower-inner\"><span class=\"fnicon\"><i class=\"rbi rbi-whatsapp\" aria-hidden=\"true\"><\/i><\/span><span class=\"fnlabel\">WhatsApp<\/span><span class=\"text-count\">Takip edin<\/span><\/span><\/div><\/div><\/div>\t\t\t\t<\/div>\n\t\t\t\t<\/div>\n\t\t\t\t<div class=\"elementor-element elementor-element-0dfc4f5 elementor-icon-list--layout-inline elementor-align-center elementor-list-item-link-full_width elementor-widget elementor-widget-icon-list\" data-id=\"0dfc4f5\" data-element_type=\"widget\" data-widget_type=\"icon-list.default\">\n\t\t\t\t\t\t\t<ul class=\"elementor-icon-list-items elementor-inline-items\">\n\t\t\t\t\t\t\t<li class=\"elementor-icon-list-item elementor-inline-item\">\n\t\t\t\t\t\t\t\t\t\t\t<span class=\"elementor-icon-list-icon\">\n\t\t\t\t\t\t\t<svg aria-hidden=\"true\" class=\"e-font-icon-svg e-far-user-circle\" viewBox=\"0 0 496 512\" xmlns=\"http:\/\/www.w3.org\/2000\/svg\"><path d=\"M248 104c-53 0-96 43-96 96s43 96 96 96 96-43 96-96-43-96-96-96zm0 144c-26.5 0-48-21.5-48-48s21.5-48 48-48 48 21.5 48 48-21.5 48-48 48zm0-240C111 8 0 119 0 256s111 248 248 248 248-111 248-248S385 8 248 8zm0 448c-49.7 0-95.1-18.3-130.1-48.4 14.9-23 40.4-38.6 69.6-39.5 20.8 6.4 40.6 9.6 60.5 9.6s39.7-3.1 60.5-9.6c29.2 1 54.7 16.5 69.6 39.5-35 30.1-80.4 48.4-130.1 48.4zm162.7-84.1c-24.4-31.4-62.1-51.9-105.1-51.9-10.2 0-26 9.6-57.6 9.6-31.5 0-47.4-9.6-57.6-9.6-42.9 0-80.6 20.5-105.1 51.9C61.9 339.2 48 299.2 48 256c0-110.3 89.7-200 200-200s200 89.7 200 200c0 43.2-13.9 83.2-37.3 115.9z\"><\/path><\/svg>\t\t\t\t\t\t<\/span>\n\t\t\t\t\t\t\t\t\t\t<span class=\"elementor-icon-list-text\">Min\u0259vv\u0259r Vahabova<\/span>\n\t\t\t\t\t\t\t\t\t<\/li>\n\t\t\t\t\t\t\t\t<li class=\"elementor-icon-list-item elementor-inline-item\">\n\t\t\t\t\t\t\t\t\t\t\t<span class=\"elementor-icon-list-icon\">\n\t\t\t\t\t\t\t<svg aria-hidden=\"true\" class=\"e-font-icon-svg e-fas-mail-bulk\" viewBox=\"0 0 576 512\" xmlns=\"http:\/\/www.w3.org\/2000\/svg\"><path d=\"M160 448c-25.6 0-51.2-22.4-64-32-64-44.8-83.2-60.8-96-70.4V480c0 17.67 14.33 32 32 32h256c17.67 0 32-14.33 32-32V345.6c-12.8 9.6-32 25.6-96 70.4-12.8 9.6-38.4 32-64 32zm128-192H32c-17.67 0-32 14.33-32 32v16c25.6 19.2 22.4 19.2 115.2 86.4 9.6 6.4 28.8 25.6 44.8 25.6s35.2-19.2 44.8-22.4c92.8-67.2 89.6-67.2 115.2-86.4V288c0-17.67-14.33-32-32-32zm256-96H224c-17.67 0-32 14.33-32 32v32h96c33.21 0 60.59 25.42 63.71 57.82l.29-.22V416h192c17.67 0 32-14.33 32-32V192c0-17.67-14.33-32-32-32zm-32 128h-64v-64h64v64zm-352-96c0-35.29 28.71-64 64-64h224V32c0-17.67-14.33-32-32-32H96C78.33 0 64 14.33 64 32v192h96v-32z\"><\/path><\/svg>\t\t\t\t\t\t<\/span>\n\t\t\t\t\t\t\t\t\t\t<span class=\"elementor-icon-list-text\">contact@miraz.tv<\/span>\n\t\t\t\t\t\t\t\t\t<\/li>\n\t\t\t\t\t\t\t\t<li class=\"elementor-icon-list-item elementor-inline-item\">\n\t\t\t\t\t\t\t\t\t\t\t<span class=\"elementor-icon-list-icon\">\n\t\t\t\t\t\t\t<svg aria-hidden=\"true\" class=\"e-font-icon-svg e-fas-phone-alt\" viewBox=\"0 0 512 512\" xmlns=\"http:\/\/www.w3.org\/2000\/svg\"><path d=\"M497.39 361.8l-112-48a24 24 0 0 0-28 6.9l-49.6 60.6A370.66 370.66 0 0 1 130.6 204.11l60.6-49.6a23.94 23.94 0 0 0 6.9-28l-48-112A24.16 24.16 0 0 0 122.6.61l-104 24A24 24 0 0 0 0 48c0 256.5 207.9 464 464 464a24 24 0 0 0 23.4-18.6l24-104a24.29 24.29 0 0 0-14.01-27.6z\"><\/path><\/svg>\t\t\t\t\t\t<\/span>\n\t\t\t\t\t\t\t\t\t\t<span class=\"elementor-icon-list-text\">+1 (908) 210-5137  <\/span>\n\t\t\t\t\t\t\t\t\t<\/li>\n\t\t\t\t\t\t\t\t<li class=\"elementor-icon-list-item elementor-inline-item\">\n\t\t\t\t\t\t\t\t\t\t\t<span class=\"elementor-icon-list-icon\">\n\t\t\t\t\t\t\t<svg aria-hidden=\"true\" class=\"e-font-icon-svg e-fas-phone-alt\" viewBox=\"0 0 512 512\" xmlns=\"http:\/\/www.w3.org\/2000\/svg\"><path d=\"M497.39 361.8l-112-48a24 24 0 0 0-28 6.9l-49.6 60.6A370.66 370.66 0 0 1 130.6 204.11l60.6-49.6a23.94 23.94 0 0 0 6.9-28l-48-112A24.16 24.16 0 0 0 122.6.61l-104 24A24 24 0 0 0 0 48c0 256.5 207.9 464 464 464a24 24 0 0 0 23.4-18.6l24-104a24.29 24.29 0 0 0-14.01-27.6z\"><\/path><\/svg>\t\t\t\t\t\t<\/span>\n\t\t\t\t\t\t\t\t\t\t<span class=\"elementor-icon-list-text\">+1 (917) 349-6654<\/span>\n\t\t\t\t\t\t\t\t\t<\/li>\n\t\t\t\t\t\t\t\t<li class=\"elementor-icon-list-item elementor-inline-item\">\n\t\t\t\t\t\t\t\t\t\t\t<span class=\"elementor-icon-list-icon\">\n\t\t\t\t\t\t\t<svg aria-hidden=\"true\" class=\"e-font-icon-svg e-fas-phone-alt\" viewBox=\"0 0 512 512\" xmlns=\"http:\/\/www.w3.org\/2000\/svg\"><path d=\"M497.39 361.8l-112-48a24 24 0 0 0-28 6.9l-49.6 60.6A370.66 370.66 0 0 1 130.6 204.11l60.6-49.6a23.94 23.94 0 0 0 6.9-28l-48-112A24.16 24.16 0 0 0 122.6.61l-104 24A24 24 0 0 0 0 48c0 256.5 207.9 464 464 464a24 24 0 0 0 23.4-18.6l24-104a24.29 24.29 0 0 0-14.01-27.6z\"><\/path><\/svg>\t\t\t\t\t\t<\/span>\n\t\t\t\t\t\t\t\t\t\t<span class=\"elementor-icon-list-text\">+1 (929) 660-6891<\/span>\n\t\t\t\t\t\t\t\t\t<\/li>\n\t\t\t\t\t\t<\/ul>\n\t\t\t\t\t\t<\/div>\n\t\t\t\t\t<\/div>\n\t\t\t\t<\/div>\n\t\t\t\t<\/div>\n\t\t","protected":false},"excerpt":{"rendered":"<p>HAQQIMIZDA MiraTV MiraTV, s\u00fcr\u0259tl\u0259 d\u0259yi\u015f\u0259n texnologiya d\u00fcnyas\u0131nda \u0259n son yenilikl\u0259ri, \u0259trafl\u0131 icmallar\u0131 v\u0259 d\u0259y\u0259rli ekspert r\u0259yl\u0259rini t\u0259qdim ed\u0259n m\u00fcasir bir m\u0259lumat platformas\u0131d\u0131r. Biz mobil telefonlar, noutbuklar, a\u011f\u0131ll\u0131 cihazlar v\u0259 dig\u0259r qabaqc\u0131l texnologiyalar haqq\u0131nda \u0259n d\u0259qiq v\u0259 g\u00fcnc\u0259l m\u0259lumatlar\u0131 bir m\u0259kanda toplayaraq sizi innovasiyan\u0131n m\u0259rk\u0259zin\u0259 g\u0259tiririk. Sizi yeniliyin m\u0259rk\u0259zin\u0259 g\u0259tiririk \u2013 mobil telefonlar, noutbuklar, a\u011f\u0131ll\u0131 cihazlar [&hellip;]<\/p>\n","protected":false},"author":1,"featured_media":0,"parent":0,"menu_order":0,"comment_status":"closed","ping_status":"closed","template":"","meta":{"footnotes":""},"class_list":["post-4829","page","type-page","status-publish"],"_links":{"self":[{"href":"https:\/\/miraz.tv\/az\/wp-json\/wp\/v2\/pages\/4829","targetHints":{"allow":["GET"]}}],"collection":[{"href":"https:\/\/miraz.tv\/az\/wp-json\/wp\/v2\/pages"}],"about":[{"href":"https:\/\/miraz.tv\/az\/wp-json\/wp\/v2\/types\/page"}],"author":[{"embeddable":true,"href":"https:\/\/miraz.tv\/az\/wp-json\/wp\/v2\/users\/1"}],"replies":[{"embeddable":true,"href":"https:\/\/miraz.tv\/az\/wp-json\/wp\/v2\/comments?post=4829"}],"version-history":[{"count":0,"href":"https:\/\/miraz.tv\/az\/wp-json\/wp\/v2\/pages\/4829\/revisions"}],"wp:attachment":[{"href":"https:\/\/miraz.tv\/az\/wp-json\/wp\/v2\/media?parent=4829"}],"curies":[{"name":"wp","href":"https:\/\/api.w.org\/{rel}","templated":true}]}}